{"id":345,"date":"2016-10-18T08:43:30","date_gmt":"2016-10-18T08:43:30","guid":{"rendered":"https:\/\/tritech.ee\/et\/?page_id=345"},"modified":"2020-11-16T11:19:53","modified_gmt":"2020-11-16T09:19:53","slug":"galerii","status":"publish","type":"page","link":"https:\/\/tritech.ee\/et\/galerii\/","title":{"rendered":"Galerii"},"content":{"rendered":"","protected":false},"excerpt":{"rendered":"","protected":false},"author":1,"featured_media":0,"parent":0,"menu_order":0,"comment_status":"closed","ping_status":"closed","template":"","meta":{"footnotes":""},"class_list":["post-345","page","type-page","status-publish","hentry"],"yoast_head":"<!-- This site is optimized with the Yoast SEO plugin v23.3 - https:\/\/yoast.com\/wordpress\/plugins\/seo\/ -->\n<title>Galerii toodetest: krimpimise l\u00f5uad, kaablis\u00f6\u00f6tja - Tritech O\u00dc<\/title>\n<meta name=\"description\" content=\"Tootefotod: krimpimise l\u00f5uad, hinge kokkupaneku masin, kaablis\u00f6\u00f6tur, laminaator, vase detailid, p\u00f6\u00f6rdklapi pimedad, induktsioonjootmine\" \/>\n<meta name=\"robots\" content=\"index, follow, max-snippet:-1, max-image-preview:large, max-video-preview:-1\" \/>\n<link rel=\"canonical\" href=\"https:\/\/tritech.ee\/et\/galerii\/\" \/>\n<meta property=\"og:locale\" content=\"et_EE\" \/>\n<meta property=\"og:type\" content=\"article\" \/>\n<meta property=\"og:title\" content=\"Galerii toodetest: krimpimise l\u00f5uad, kaablis\u00f6\u00f6tja - Tritech O\u00dc\" \/>\n<meta property=\"og:description\" content=\"Tootefotod: krimpimise l\u00f5uad, hinge kokkupaneku masin, kaablis\u00f6\u00f6tur, laminaator, vase detailid, p\u00f6\u00f6rdklapi pimedad, induktsioonjootmine\" \/>\n<meta property=\"og:url\" content=\"https:\/\/tritech.ee\/et\/galerii\/\" \/>\n<meta property=\"og:site_name\" content=\"tritech.ee\" \/>\n<meta property=\"article:publisher\" content=\"https:\/\/www.facebook.com\/tritechplus\" \/>\n<meta property=\"article:modified_time\" content=\"2020-11-16T09:19:53+00:00\" \/>\n<meta property=\"og:image\" content=\"https:\/\/tritech.ee\/wp-content\/uploads\/2016\/09\/Logonew.png\" \/>\n\t<meta property=\"og:image:width\" content=\"1919\" \/>\n\t<meta property=\"og:image:height\" content=\"476\" \/>\n\t<meta property=\"og:image:type\" content=\"image\/png\" \/>\n<meta name=\"twitter:card\" content=\"summary_large_image\" \/>\n<script type=\"application\/ld+json\" class=\"yoast-schema-graph\">{\"@context\":\"https:\/\/schema.org\",\"@graph\":[{\"@type\":\"WebPage\",\"@id\":\"https:\/\/tritech.ee\/et\/galerii\/\",\"url\":\"https:\/\/tritech.ee\/et\/galerii\/\",\"name\":\"Galerii toodetest: krimpimise l\u00f5uad, kaablis\u00f6\u00f6tja - Tritech O\u00dc\",\"isPartOf\":{\"@id\":\"https:\/\/tritech.ee\/#website\"},\"datePublished\":\"2016-10-18T08:43:30+00:00\",\"dateModified\":\"2020-11-16T09:19:53+00:00\",\"description\":\"Tootefotod: krimpimise l\u00f5uad, hinge kokkupaneku masin, kaablis\u00f6\u00f6tur, laminaator, vase detailid, p\u00f6\u00f6rdklapi pimedad, induktsioonjootmine\",\"breadcrumb\":{\"@id\":\"https:\/\/tritech.ee\/et\/galerii\/#breadcrumb\"},\"inLanguage\":\"et\",\"potentialAction\":[{\"@type\":\"ReadAction\",\"target\":[\"https:\/\/tritech.ee\/et\/galerii\/\"]}]},{\"@type\":\"BreadcrumbList\",\"@id\":\"https:\/\/tritech.ee\/et\/galerii\/#breadcrumb\",\"itemListElement\":[{\"@type\":\"ListItem\",\"position\":1,\"name\":\"Home\",\"item\":\"https:\/\/tritech.ee\/et\/\"},{\"@type\":\"ListItem\",\"position\":2,\"name\":\"Galerii\"}]},{\"@type\":\"WebSite\",\"@id\":\"https:\/\/tritech.ee\/#website\",\"url\":\"https:\/\/tritech.ee\/\",\"name\":\"tritech.ee\",\"description\":\"Mechanical Engineering, CNC Parts, Fixtures, Assembly\",\"publisher\":{\"@id\":\"https:\/\/tritech.ee\/#organization\"},\"potentialAction\":[{\"@type\":\"SearchAction\",\"target\":{\"@type\":\"EntryPoint\",\"urlTemplate\":\"https:\/\/tritech.ee\/?s={search_term_string}\"},\"query-input\":\"required name=search_term_string\"}],\"inLanguage\":\"et\"},{\"@type\":\"Organization\",\"@id\":\"https:\/\/tritech.ee\/#organization\",\"name\":\"Tritech O\u00dc\",\"url\":\"https:\/\/tritech.ee\/\",\"logo\":{\"@type\":\"ImageObject\",\"inLanguage\":\"et\",\"@id\":\"https:\/\/tritech.ee\/#\/schema\/logo\/image\/\",\"url\":\"https:\/\/tritech.ee\/wp-content\/uploads\/2016\/09\/Tritech_TypeC.png\",\"contentUrl\":\"https:\/\/tritech.ee\/wp-content\/uploads\/2016\/09\/Tritech_TypeC.png\",\"width\":400,\"height\":85,\"caption\":\"Tritech O\u00dc\"},\"image\":{\"@id\":\"https:\/\/tritech.ee\/#\/schema\/logo\/image\/\"},\"sameAs\":[\"https:\/\/www.facebook.com\/tritechplus\",\"https:\/\/www.instagram.com\/tritech_ou\/\",\"https:\/\/www.linkedin.com\/company\/custom-machinery-engineering-manufacturing-tritech-plus\",\"https:\/\/www.youtube.com\/channel\/UCZun3mOok3qEHZaqrTZKTdA?view_as=subscriber\"]}]}<\/script>\n<!-- \/ Yoast SEO plugin. -->","yoast_head_json":{"title":"Galerii toodetest: krimpimise l\u00f5uad, kaablis\u00f6\u00f6tja - Tritech O\u00dc","description":"Tootefotod: krimpimise l\u00f5uad, hinge kokkupaneku masin, kaablis\u00f6\u00f6tur, laminaator, vase detailid, p\u00f6\u00f6rdklapi pimedad, induktsioonjootmine","robots":{"index":"index","follow":"follow","max-snippet":"max-snippet:-1","max-image-preview":"max-image-preview:large","max-video-preview":"max-video-preview:-1"},"canonical":"https:\/\/tritech.ee\/et\/galerii\/","og_locale":"et_EE","og_type":"article","og_title":"Galerii toodetest: krimpimise l\u00f5uad, kaablis\u00f6\u00f6tja - Tritech O\u00dc","og_description":"Tootefotod: krimpimise l\u00f5uad, hinge kokkupaneku masin, kaablis\u00f6\u00f6tur, laminaator, vase detailid, p\u00f6\u00f6rdklapi pimedad, induktsioonjootmine","og_url":"https:\/\/tritech.ee\/et\/galerii\/","og_site_name":"tritech.ee","article_publisher":"https:\/\/www.facebook.com\/tritechplus","article_modified_time":"2020-11-16T09:19:53+00:00","og_image":[{"width":1919,"height":476,"url":"https:\/\/tritech.ee\/wp-content\/uploads\/2016\/09\/Logonew.png","type":"image\/png"}],"twitter_card":"summary_large_image","schema":{"@context":"https:\/\/schema.org","@graph":[{"@type":"WebPage","@id":"https:\/\/tritech.ee\/et\/galerii\/","url":"https:\/\/tritech.ee\/et\/galerii\/","name":"Galerii toodetest: krimpimise l\u00f5uad, kaablis\u00f6\u00f6tja - Tritech O\u00dc","isPartOf":{"@id":"https:\/\/tritech.ee\/#website"},"datePublished":"2016-10-18T08:43:30+00:00","dateModified":"2020-11-16T09:19:53+00:00","description":"Tootefotod: krimpimise l\u00f5uad, hinge kokkupaneku masin, kaablis\u00f6\u00f6tur, laminaator, vase detailid, p\u00f6\u00f6rdklapi pimedad, induktsioonjootmine","breadcrumb":{"@id":"https:\/\/tritech.ee\/et\/galerii\/#breadcrumb"},"inLanguage":"et","potentialAction":[{"@type":"ReadAction","target":["https:\/\/tritech.ee\/et\/galerii\/"]}]},{"@type":"BreadcrumbList","@id":"https:\/\/tritech.ee\/et\/galerii\/#breadcrumb","itemListElement":[{"@type":"ListItem","position":1,"name":"Home","item":"https:\/\/tritech.ee\/et\/"},{"@type":"ListItem","position":2,"name":"Galerii"}]},{"@type":"WebSite","@id":"https:\/\/tritech.ee\/#website","url":"https:\/\/tritech.ee\/","name":"tritech.ee","description":"Mechanical Engineering, CNC Parts, Fixtures, Assembly","publisher":{"@id":"https:\/\/tritech.ee\/#organization"},"potentialAction":[{"@type":"SearchAction","target":{"@type":"EntryPoint","urlTemplate":"https:\/\/tritech.ee\/?s={search_term_string}"},"query-input":"required name=search_term_string"}],"inLanguage":"et"},{"@type":"Organization","@id":"https:\/\/tritech.ee\/#organization","name":"Tritech O\u00dc","url":"https:\/\/tritech.ee\/","logo":{"@type":"ImageObject","inLanguage":"et","@id":"https:\/\/tritech.ee\/#\/schema\/logo\/image\/","url":"https:\/\/tritech.ee\/wp-content\/uploads\/2016\/09\/Tritech_TypeC.png","contentUrl":"https:\/\/tritech.ee\/wp-content\/uploads\/2016\/09\/Tritech_TypeC.png","width":400,"height":85,"caption":"Tritech O\u00dc"},"image":{"@id":"https:\/\/tritech.ee\/#\/schema\/logo\/image\/"},"sameAs":["https:\/\/www.facebook.com\/tritechplus","https:\/\/www.instagram.com\/tritech_ou\/","https:\/\/www.linkedin.com\/company\/custom-machinery-engineering-manufacturing-tritech-plus","https:\/\/www.youtube.com\/channel\/UCZun3mOok3qEHZaqrTZKTdA?view_as=subscriber"]}]}},"_links":{"self":[{"href":"https:\/\/tritech.ee\/et\/wp-json\/wp\/v2\/pages\/345"}],"collection":[{"href":"https:\/\/tritech.ee\/et\/wp-json\/wp\/v2\/pages"}],"about":[{"href":"https:\/\/tritech.ee\/et\/wp-json\/wp\/v2\/types\/page"}],"author":[{"embeddable":true,"href":"https:\/\/tritech.ee\/et\/wp-json\/wp\/v2\/users\/1"}],"replies":[{"embeddable":true,"href":"https:\/\/tritech.ee\/et\/wp-json\/wp\/v2\/comments?post=345"}],"version-history":[{"count":7,"href":"https:\/\/tritech.ee\/et\/wp-json\/wp\/v2\/pages\/345\/revisions"}],"predecessor-version":[{"id":511,"href":"https:\/\/tritech.ee\/et\/wp-json\/wp\/v2\/pages\/345\/revisions\/511"}],"wp:attachment":[{"href":"https:\/\/tritech.ee\/et\/wp-json\/wp\/v2\/media?parent=345"}],"curies":[{"name":"wp","href":"https:\/\/api.w.org\/{rel}","templated":true}]}}